{"id":5,"date":"2020-02-01T11:02:18","date_gmt":"2020-02-01T11:02:18","guid":{"rendered":"https:\/\/exacta-treuhand.ch\/?page_id=5"},"modified":"2020-03-14T12:56:15","modified_gmt":"2020-03-14T11:56:15","slug":"exacta-treuhand","status":"publish","type":"page","link":"https:\/\/www.exacta-treuhand.ch\/?page_id=5","title":{"rendered":"\u00dcber mich"},"content":{"rendered":"\t\t<div data-elementor-type=\"wp-page\" data-elementor-id=\"5\" class=\"elementor elementor-5\" data-elementor-settings=\"[]\">\n\t\t\t<div class=\"elementor-inner\">\n\t\t\t\t<div class=\"elementor-section-wrap\">\n\t\t\t\t\t\t\t<section class=\"elementor-element elementor-element-adbaf88 elementor-section-boxed elementor-section-height-default elementor-section-height-default elementor-section elementor-top-section\" data-id=\"adbaf88\" data-element_type=\"section\">\n\t\t\t\t\t\t<div class=\"elementor-container elementor-column-gap-default\">\n\t\t\t\t<div class=\"elementor-row\">\n\t\t\t\t<div class=\"elementor-element elementor-element-a2260b3 elementor-column elementor-col-66 elementor-top-column\" data-id=\"a2260b3\" data-element_type=\"column\">\n\t\t\t<div class=\"elementor-column-wrap  elementor-element-populated\">\n\t\t\t\t\t<div class=\"elementor-widget-wrap\">\n\t\t\t\t<div class=\"elementor-element elementor-element-5492db4 elementor-widget__width-initial elementor-widget elementor-widget-text-editor\" data-id=\"5492db4\" data-element_type=\"widget\" data-widget_type=\"text-editor.default\">\n\t\t\t\t<div class=\"elementor-widget-container\">\n\t\t\t\t\t<div class=\"elementor-text-editor elementor-clearfix\"><p><!-- wp:paragraph --><\/p>\n<p>M<span style=\"font-size: 16px;\">it meiner langj\u00e4hrigen&nbsp;beruflichen Erfahrung als Fachfrau im Finanz und Rechnungswesen &nbsp;in gr\u00f6sseren, renommierten Unternehmungen im Rechnungswesen sowie im Treuhand, kann ich Ihnen meine Dienstleistungen&nbsp;<\/span><span style=\"font-size: 16px;\">professionell, zielgerichtet sowie exakt auf Sie abgestimmt anbieten.<\/span><\/p>\n<p><!-- \/wp:paragraph --><\/p>\n<p><!-- wp:paragraph --><\/p>\n<p>Ich betreue Sie pers\u00f6nlich, mit gr\u00f6sster Aufmerksamkeit, welche individuell auf Ihre Bed\u00fcrfnisse abgestimmt ist. Eine gute, geordnete und termingerechte Zusammenarbeit ist mir wichtig und Voraussetzung f\u00fcr den gemeinsamen Erfolg und vor allem f\u00fcr <i>Ihr<\/i> Weiterkommen!<\/p>\n<p>Sie als Kunde sind wichtig und liegen mir am Herzen. So kann ich Sie, mit meinem fundierten Fachwissen und langj\u00e4hriger Erfahrung, optimal betreuen.<\/p>\n<p>Lassen sie mich f\u00fcr Sie einspringen damit Sie mehr Freiraum f\u00fcr Ihre Visionen und Ideen haben.<\/p>\n<p><!-- \/wp:paragraph --><\/p><\/div>\n\t\t\t\t<\/div>\n\t\t\t\t<\/div>\n\t\t\t\t\t\t<\/div>\n\t\t\t<\/div>\n\t\t<\/div>\n\t\t\t\t<div class=\"elementor-element elementor-element-1f12002 elementor-column elementor-col-33 elementor-top-column\" data-id=\"1f12002\" data-element_type=\"column\">\n\t\t\t<div class=\"elementor-column-wrap  elementor-element-populated\">\n\t\t\t\t\t<div class=\"elementor-widget-wrap\">\n\t\t\t\t<div class=\"elementor-element elementor-element-42197f6 elementor-widget__width-initial elementor-widget elementor-widget-image\" data-id=\"42197f6\" data-element_type=\"widget\" data-widget_type=\"image.default\">\n\t\t\t\t<div class=\"elementor-widget-container\">\n\t\t\t\t\t<div class=\"elementor-image\">\n\t\t\t\t\t\t\t\t\t\t<img loading=\"lazy\" decoding=\"async\" width=\"205\" height=\"300\" src=\"https:\/\/www.exacta-treuhand.ch\/wp-content\/uploads\/2020\/02\/3868-small.JPG-205x300.png\" class=\"attachment-medium size-medium\" alt=\"\" srcset=\"https:\/\/www.exacta-treuhand.ch\/wp-content\/uploads\/2020\/02\/3868-small.JPG-205x300.png 205w, https:\/\/www.exacta-treuhand.ch\/wp-content\/uploads\/2020\/02\/3868-small.JPG-698x1024.png 698w, https:\/\/www.exacta-treuhand.ch\/wp-content\/uploads\/2020\/02\/3868-small.JPG-768x1126.png 768w, https:\/\/www.exacta-treuhand.ch\/wp-content\/uploads\/2020\/02\/3868-small.JPG-239x350.png 239w, https:\/\/www.exacta-treuhand.ch\/wp-content\/uploads\/2020\/02\/3868-small.JPG.png 942w\" sizes=\"auto, (max-width: 205px) 100vw, 205px\" \/>\t\t\t\t\t\t\t\t\t\t\t<\/div>\n\t\t\t\t<\/div>\n\t\t\t\t<\/div>\n\t\t\t\t\t\t<\/div>\n\t\t\t<\/div>\n\t\t<\/div>\n\t\t\t\t\t\t<\/div>\n\t\t\t<\/div>\n\t\t<\/section>\n\t\t\t\t\t\t<\/div>\n\t\t\t<\/div>\n\t\t<\/div>\n\t\t","protected":false},"excerpt":{"rendered":"<p>Mit meiner langj\u00e4hrigen&nbsp;beruflichen Erfahrung als Fachfrau im Finanz und Rechnungswesen &nbsp;in gr\u00f6sseren, renommierten Unternehmungen im Rechnungswesen sowie im Treuhand, kann ich Ihnen meine Dienstleistungen&nbsp;professionell, zielgerichtet sowie exakt auf Sie abgestimmt anbieten. Ich betreue Sie pers\u00f6nlich, mit gr\u00f6sster Aufmerksamkeit, welche individuell auf Ihre Bed\u00fcrfnisse abgestimmt ist. Eine gute, geordnete und termingerechte [&hellip;]<\/p>\n","protected":false},"author":1,"featured_media":0,"parent":0,"menu_order":0,"comment_status":"closed","ping_status":"closed","template":"","meta":{"footnotes":""},"class_list":["post-5","page","type-page","status-publish","hentry"],"_links":{"self":[{"href":"https:\/\/www.exacta-treuhand.ch\/index.php?rest_route=\/wp\/v2\/pages\/5","targetHints":{"allow":["GET"]}}],"collection":[{"href":"https:\/\/www.exacta-treuhand.ch\/index.php?rest_route=\/wp\/v2\/pages"}],"about":[{"href":"https:\/\/www.exacta-treuhand.ch\/index.php?rest_route=\/wp\/v2\/types\/page"}],"author":[{"embeddable":true,"href":"https:\/\/www.exacta-treuhand.ch\/index.php?rest_route=\/wp\/v2\/users\/1"}],"replies":[{"embeddable":true,"href":"https:\/\/www.exacta-treuhand.ch\/index.php?rest_route=%2Fwp%2Fv2%2Fcomments&post=5"}],"version-history":[{"count":37,"href":"https:\/\/www.exacta-treuhand.ch\/index.php?rest_route=\/wp\/v2\/pages\/5\/revisions"}],"predecessor-version":[{"id":375,"href":"https:\/\/www.exacta-treuhand.ch\/index.php?rest_route=\/wp\/v2\/pages\/5\/revisions\/375"}],"wp:attachment":[{"href":"https:\/\/www.exacta-treuhand.ch\/index.php?rest_route=%2Fwp%2Fv2%2Fmedia&parent=5"}],"curies":[{"name":"wp","href":"https:\/\/api.w.org\/{rel}","templated":true}]}}